{"id":3180,"date":"2014-07-24T10:23:07","date_gmt":"2014-07-24T08:23:07","guid":{"rendered":"http:\/\/stara.goba.eu\/?page_id=3180"},"modified":"2016-11-24T17:33:59","modified_gmt":"2016-11-24T16:33:59","slug":"articles","status":"publish","type":"page","link":"https:\/\/stara.goba.eu\/en\/library\/articles\/","title":{"rendered":"Articles\/books"},"content":{"rendered":"<p>BOOKS<\/p>\n<p><a href=\"http:\/\/stara.goba.eu\/wp-content\/uploads\/2016\/11\/Medicinal-Mushrooms-FIN.pdf\">Medicinal Mushrooms book.pdf<\/a><\/p>\n<p><a target=\"_blank\" href=\"http:\/\/stara.goba.eu\/wp-content\/uploads\/2013\/10\/Mushroom-Growers-Handbook-1-Oyster-Mushroom-Cultivation.pdf\">Mushroom Growers Handbook 1 \u2013 Oyster Mushroom Cultivation<\/a><br \/>\n<a target=\"_blank\" href=\"http:\/\/stara.goba.eu\/wp-content\/uploads\/2015\/06\/Mushroom_Growers_Handbook_2_-_Shiitake_Cultivation.pdf\">Mushroom Growers Handbook 2 \u2013 Shiitake Cultivation<\/a><\/p>\n<p>&nbsp;<\/p>\n<p>PROFESSIONAL ARTICLES ON MEDICINAL MUSHROOMS<\/p>\n<p><a target=\"_blank\" href=\"http:\/\/www.academia.edu\/305933\/Medicinal_Mushrooms_Their_therapeutic_properties_and_current_medical_usage_with_special_emphasis_on_cancer_treatments\">Medicinal Mushrooms: Their therapeutic properties and current medical usage with special emphasis on cancer treatments<\/a><\/p>\n<p><a target=\"_blank\" href=\"http:\/\/stara.goba.eu\/wp-content\/uploads\/2013\/10\/Les_2012_01-02_Gregori-zdravilne-gobe-rastejo-predvsem-na-lesu.pdf\">Zdravilne gobe rastejo predvsem na lesu (<\/a><a target=\"_blank\" href=\"http:\/\/stara.goba.eu\/wp-content\/uploads\/2013\/10\/Les_2012_01-02_Gregori-zdravilne-gobe-rastejo-predvsem-na-lesu.pdf\">Medicinal mushrooms grow mostly on the wood)<\/a><\/p>\n<p><a target=\"_blank\" href=\"http:\/\/stara.goba.eu\/wp-content\/uploads\/2013\/10\/medicinal-mushrooms-native-to-Slovenia.pdf\">Medicinal mushrooms native to Slovenia (Zdravilne gobe rasto\u010de v Sloveniji)<\/a><\/p>\n<p>&nbsp;<\/p>\n<p>PROFESSIONAL ARTICLES ON MUSHROOM CULTIVATION<\/p>\n<p><a href=\"http:\/\/stara.goba.eu\/wp-content\/uploads\/2014\/07\/OysterMushroomCultivation-ViktorAndMickey.pdf\">Oyster Mushroom Cultivation &#8211; Viktor And Mickey<\/a><\/p>\n<p><a href=\"http:\/\/www.alohaculturebank.com\/toilet-paper-oyster.pdf\">Oyster mushrooms from toilet paper<\/a><\/p>\n<p><a target=\"_blank\" href=\"http:\/\/stara.goba.eu\/wp-content\/uploads\/2013\/10\/Gojenje-gob-je-dejavnost-primerna-za-vsakogar-MMS-9.08.pdf\">Gojenje gob je dejavnost primerna za vsakogar<\/a><\/p>\n<p><a target=\"_blank\" href=\"http:\/\/stara.goba.eu\/wp-content\/uploads\/2013\/10\/Gojenje-sitak-na-lesu-v-domacem-vrtu-I.-MMS-4.083.pdf\">Gojenje \u0161itak na lesu v doma\u010dem vrtu I.<\/a><\/p>\n<p><a target=\"_blank\" href=\"http:\/\/stara.goba.eu\/wp-content\/uploads\/2013\/10\/Gojenje-gob-na-lesu-s-pomocjo-micelija-na-lesenih-cepkih.pdf\">Gojenje gob na lesu s pomo\u010djo micelija na lesenih \u010depkih<\/a><\/p>\n<p><a target=\"_blank\" href=\"http:\/\/stara.goba.eu\/wp-content\/uploads\/2013\/10\/Sveze-zdravilne-gobe-sitake-iz-domace-kleti-ali-dnevne-sobe-mms-5.08.pdf\">Sve\u017ee zdravilne gobe \u0161itake iz doma\u010de kleti ali dnevne sobe<\/a><\/p>\n<p><a target=\"_blank\" href=\"http:\/\/stara.goba.eu\/wp-content\/uploads\/2013\/10\/Gojenje-sampinjonov-1.del_.pdf\">Gojenje \u0161ampinjonov I.<\/a><\/p>\n<p><a target=\"_blank\" href=\"http:\/\/stara.goba.eu\/wp-content\/uploads\/2013\/10\/Gojenje-sampinjonov-2.del_.pdf\">Gojenje \u0161ampinjonov II.<\/a><\/p>\n<p><a target=\"_blank\" href=\"http:\/\/stara.goba.eu\/wp-content\/uploads\/2013\/10\/Zimska-panjevka-8.08.pdf\">Zimska panjevka<\/a><\/p>\n<p><a target=\"_blank\" href=\"http:\/\/stara.goba.eu\/wp-content\/uploads\/2013\/10\/Nesmrtnost-iz-kozarca-mms.6.08.pdf\">Nesmrtnost iz kozarca<\/a><\/p>\n<p><a target=\"_blank\" href=\"http:\/\/stara.goba.eu\/wp-content\/uploads\/2013\/10\/Gojenje-gob-na-lesu-s-pomocjo-micelija-na-zitnem-zrnju1.pdf\">Gojenje gob na lesu s pomo\u010djo micelija na \u017eitnem zrnju<\/a><\/p>\n<p><a target=\"_blank\" href=\"http:\/\/stara.goba.eu\/wp-content\/uploads\/2013\/10\/Gojenje-ostrigarjev-na-slami.pdf\">Gojenje ostrigarjev na slami<\/a><\/p>\n<p>&nbsp;<\/p>\n<p>SCIENTIFIC ARTICLES<\/p>\n<p><a target=\"_blank\" href=\"http:\/\/stara.goba.eu\/wp-content\/uploads\/2013\/10\/influence-of-carbon-dioxide-inoculum-rate-amount-and-mixing-of-casing-soil-on-A.-blazei-fruiting-bodies-yield.pdf\">Influence of carbon dioxide, inoculum rate, amount and mixing of casing soil on A. blazei fruiting bodies yield<\/a><\/p>\n<p><a target=\"_blank\" href=\"http:\/\/stara.goba.eu\/wp-content\/uploads\/2013\/10\/Cultivation-techniques-and-medicinal-properties-of-Pleurotus-spp2.pdf\">Cultivation techniques and medicinal properties of Pleurotus spp<\/a><\/p>\n<p><a target=\"_blank\" href=\"http:\/\/stara.goba.eu\/wp-content\/uploads\/2013\/10\/IJM1404-005-Immunomodulating-Activities-of-Cultivated-Maitake.pdf\">Immunomodulating Activities of Cultivated Maitake<\/a><\/p>\n<p><a target=\"_blank\" href=\"http:\/\/stara.goba.eu\/wp-content\/uploads\/2013\/10\/IJM1404-010-Influence-of-Olive-Oil-Press-Cakes-on-Shiitake-Culinary-Medicinal-Mushroom-Lentinus-edodes.pdf\">Influence of Olive Oil Press Cakes on Shiitake Culinary-Medicinal Mushroom, Lentinus edodes<\/a><\/p>\n<p><a target=\"_blank\" href=\"http:\/\/stara.goba.eu\/wp-content\/uploads\/2013\/10\/Use-of-rosemary-Rosmarinus-officinalis-processing-waste-for-Pleurotus-ostreatus-cultivation.pdf\">Use of rosemary (Rosmarinus officinalis) processing waste for Pleurotus ostreatus cultivation<\/a><\/p>\n<p><a href=\"http:\/\/stara.goba.eu\/wp-content\/uploads\/2013\/10\/Growing-of-Pleurotus-ostreatus-on-various-decidious-trees-Pavlik-M.pdf\">Growing of Pleurotus ostreatus on various decidious trees &#8211; Pavlik M<\/a><\/p>\n<p><a href=\"http:\/\/stara.goba.eu\/wp-content\/uploads\/2015\/01\/45_acta15_ABS_2_2014.pdf\">Cordycepin production by Cordyceps militaris cultivation on spent brewery grains<\/a><\/p>\n<p>&nbsp;<\/p>\n<p>&nbsp;<\/p>\n","protected":false},"excerpt":{"rendered":"<p>Professional and scientific literature on medicinal and cultivated mushrooms and their cultivation techniques<\/p>\n","protected":false},"author":1,"featured_media":0,"parent":1422,"menu_order":2,"comment_status":"open","ping_status":"closed","template":"","meta":[],"aioseo_notices":[],"_links":{"self":[{"href":"https:\/\/stara.goba.eu\/en\/wp-json\/wp\/v2\/pages\/3180\/"}],"collection":[{"href":"https:\/\/stara.goba.eu\/en\/wp-json\/wp\/v2\/pages\/"}],"about":[{"href":"https:\/\/stara.goba.eu\/en\/wp-json\/wp\/v2\/types\/page\/"}],"author":[{"embeddable":true,"href":"https:\/\/stara.goba.eu\/en\/wp-json\/wp\/v2\/users\/1\/"}],"replies":[{"embeddable":true,"href":"https:\/\/stara.goba.eu\/en\/wp-json\/wp\/v2\/comments\/?post=3180"}],"version-history":[{"count":4,"href":"https:\/\/stara.goba.eu\/en\/wp-json\/wp\/v2\/pages\/3180\/revisions\/"}],"predecessor-version":[{"id":4288,"href":"https:\/\/stara.goba.eu\/en\/wp-json\/wp\/v2\/pages\/3180\/revisions\/4288\/"}],"up":[{"embeddable":true,"href":"https:\/\/stara.goba.eu\/en\/wp-json\/wp\/v2\/pages\/1422\/"}],"wp:attachment":[{"href":"https:\/\/stara.goba.eu\/en\/wp-json\/wp\/v2\/media\/?parent=3180"}],"curies":[{"name":"wp","href":"https:\/\/api.w.org\/{rel}","templated":true}]}}